{"id":15531,"date":"2015-07-16T16:07:28","date_gmt":"2015-07-16T14:07:28","guid":{"rendered":"http:\/\/primas.bayern\/?page_id=15531"},"modified":"2020-02-26T09:31:17","modified_gmt":"2020-02-26T08:31:17","slug":"impressum","status":"publish","type":"page","link":"https:\/\/primas.bayern\/index.php\/impressum\/","title":{"rendered":"Impressum"},"content":{"rendered":"<div      class=\"vc_row wpb_row section vc_row-fluid grid_section\" style=' padding-top:87px; padding-bottom:95px; text-align:left;'><div class=\" section_inner clearfix\"><div class='section_inner_margin clearfix'>\n\t<div class=\"vc_col-sm-12 wpb_column vc_column_container \">\n\t\t<div class=\"wpb_wrapper\">\n\t\t\t\n\t<div class=\"wpb_text_column wpb_content_element \">\n\t\t<div class=\"wpb_wrapper\">\n\t\t\t<p>INGENIEURB\u00dcRO PRIMAS<\/p>\n<p>Marc Primas Dipl.-Ing.(FH) Innenausbau<\/p>\n<p>&nbsp;<\/p>\n<p>Stra\u00dfe: Birkenweg 4a<\/p>\n<p>Stadt: 83064 Raubling<\/p>\n<p>&nbsp;<\/p>\n<p>Telefon: <a href=\"tel:004980359554703\">0049 &#8211; 8035 &#8211; 9554703<\/a><\/p>\n<p>E-Mail:\u00a0<a href=\"mailto:info@primas.bayern\">info@primas.bayern<\/a> <\/p>\n<p>Internet: <a href=\"http:\/\/primas.bayern\">www.primas.bayern<\/a><\/p>\n<p>&nbsp;<\/p>\n<p>Umsatzsteuer-Identifikationsnummer gem\u00e4\u00df \u00a727 a Umsatzsteuergesetz: DE72 890 438 616<\/p>\n<p>Inhaltlich Verantwortlicher: Marc Primas<\/p>\n<p>Gerichtsstand: Rosenheim<\/p>\n\n\t\t<\/div> \n\t<\/div> <div class=\"separator  transparent   \" style=\"margin-top: 10px;margin-bottom: 10px;\"><\/div>\n<div      class=\"vc_row wpb_row section vc_inner vc_row-fluid\" style=' text-align:left;'><div class=\" full_section_inner clearfix\">\n\t<div class=\"vc_col-sm-12 wpb_column vc_column_container \">\n\t\t<div class=\"wpb_wrapper\">\n\t\t\t\n\t<div class=\"wpb_text_column wpb_content_element \">\n\t\t<div class=\"wpb_wrapper\">\n\t\t\t<h3>Haftungsausschluss<\/h3>\n\n\t\t<\/div> \n\t<\/div> \n\t\t<\/div> \n\t<\/div> \n<\/div><\/div><div class=\"separator  transparent   \" style=\"margin-top: 10px;margin-bottom: 10px;\"><\/div>\n\n\t<div class=\"wpb_text_column wpb_content_element \">\n\t\t<div class=\"wpb_wrapper\">\n\t\t\t<h4>1. Haftung f\u00fcr Inhalte<\/h4>\n<p>Als Diensteanbieter sind wir gem\u00e4\u00df \u00a7 7 Abs.1 TMG f\u00fcr eigene Inhalte auf diesen Seiten nach den allgemeinen Gesetzen verantwortlich. Nach \u00a7\u00a7 8 bis 10 TMG sind wir als Diensteanbieter jedoch nicht verpflichtet, \u00fcbermittelte oder gespeicherte fremde Informationen zu \u00fcberwachen oder nach Umst\u00e4nden zu forschen, die auf eine rechtswidrige T\u00e4tigkeit hinweisen.<\/p>\n<p>Verpflichtungen zur Entfernung oder Sperrung der Nutzung von Informationen nach den allgemeinen Gesetzen bleiben hiervon unber\u00fchrt. Eine diesbez\u00fcgliche Haftung ist jedoch erst ab dem Zeitpunkt der Kenntnis einer konkreten Rechtsverletzung m\u00f6glich. Bei Bekanntwerden von entsprechenden Rechtsverletzungen werden wir diese Inhalte umgehend entfernen.<\/p>\n<h4>2. Haftung f\u00fcr Links<\/h4>\n<p>Unser Angebot enth\u00e4lt Links zu externen Websites Dritter, auf deren Inhalte wir keinen Einfluss haben. Deshalb k\u00f6nnen wir f\u00fcr diese fremden Inhalte auch keine Gew\u00e4hr \u00fcbernehmen. F\u00fcr die Inhalte der verlinkten Seiten ist stets der jeweilige Anbieter oder Betreiber der Seiten verantwortlich. Die verlinkten Seiten wurden zum Zeitpunkt der Verlinkung auf m\u00f6gliche Rechtsverst\u00f6\u00dfe \u00fcberpr\u00fcft. Rechtswidrige Inhalte waren zum Zeitpunkt der Verlinkung nicht erkennbar.<\/p>\n<p>Eine permanente inhaltliche Kontrolle der verlinkten Seiten ist jedoch ohne konkrete Anhaltspunkte einer Rechtsverletzung nicht zumutbar. Bei Bekanntwerden von Rechtsverletzungen werden wir derartige Links umgehend entfernen.<\/p>\n<h4>3. Urheber- und Kennzeichenrecht<\/h4>\n<p>Die durch die Seitenbetreiber erstellten Inhalte und Werke auf diesen Seiten unterliegen dem deutschen Urheberrecht. Die Vervielf\u00e4ltigung, Bearbeitung, Verbreitung und jede Art der Verwertung au\u00dferhalb der Grenzen des Urheberrechtes bed\u00fcrfen der schriftlichen Zustimmung des jeweiligen Autors bzw. Erstellers. Downloads und Kopien dieser Seite sind nur f\u00fcr den privaten, nicht kommerziellen Gebrauch gestattet.<\/p>\n<p>Soweit die Inhalte auf dieser Seite nicht vom Betreiber erstellt wurden, werden die Urheberrechte Dritter beachtet. Insbesondere werden Inhalte Dritter als solche gekennzeichnet. Sollten Sie trotzdem auf eine Urheberrechtsverletzung aufmerksam werden, bitten wir um einen entsprechenden Hinweis. Bei Bekanntwerden von Rechtsverletzungen werden wir derartige Inhalte umgehend entfernen.<\/p>\n<h4>4. Datenschutz<\/h4>\n<p>Mehr Informationen finden Sie unter <a href=\"http:\/\/primas.bayern\/index.php\/datenschutz\/\">Datenschutzerkl\u00e4rung<\/a><\/p>\n<h4>5. Streitschlichtung<\/h4>\n<p>Die Europ\u00e4ische Kommission stellt eine Plattform zur Online-Streitbeilegung (OS) bereit: <a href=\"https:\/\/ec.europa.eu\/consumers\/odr\" target=\"_blank\" rel=\"noopener\">https:\/\/ec.europa.eu\/consumers\/odr<\/a>.<br \/>\nUnsere E-Mail-Adresse finden Sie oben im Impressum.<\/p>\n<p>Wir sind nicht bereit oder verpflichtet, an Streitbeilegungsverfahren vor einer Verbraucherschlichtungsstelle teilzunehmen.<\/p>\n\n\t\t<\/div> \n\t<\/div> <div class=\"separator  transparent center  \" style=\"margin-top: 5px;margin-bottom: 20px;\"><\/div>\n\n\t\t<\/div> \n\t<\/div> \n<\/div><\/div><\/div>\n","protected":false},"excerpt":{"rendered":"INGENIEURB\u00dcRO PRIMAS Marc Primas Dipl.-Ing.(FH) Innenausbau &nbsp; Stra\u00dfe: Birkenweg 4a Stadt: 83064 Raubling &nbsp; Telefon: 0049 - 8035 - 9554703 E-Mail:\u00a0info@primas.bayern Internet: www.primas.bayern &nbsp; Umsatzsteuer-Identifikationsnummer gem\u00e4\u00df \u00a727 a Umsatzsteuergesetz: DE72 890 438 616 Inhaltlich Verantwortlicher: Marc Primas Gerichtsstand: Rosenheim Haftungsausschluss 1. Haftung f\u00fcr Inhalte Als...","protected":false},"author":1,"featured_media":0,"parent":0,"menu_order":0,"comment_status":"open","ping_status":"open","template":"full_width.php","meta":[],"_links":{"self":[{"href":"https:\/\/primas.bayern\/index.php\/wp-json\/wp\/v2\/pages\/15531"}],"collection":[{"href":"https:\/\/primas.bayern\/index.php\/wp-json\/wp\/v2\/pages"}],"about":[{"href":"https:\/\/primas.bayern\/index.php\/wp-json\/wp\/v2\/types\/page"}],"author":[{"embeddable":true,"href":"https:\/\/primas.bayern\/index.php\/wp-json\/wp\/v2\/users\/1"}],"replies":[{"embeddable":true,"href":"https:\/\/primas.bayern\/index.php\/wp-json\/wp\/v2\/comments?post=15531"}],"version-history":[{"count":33,"href":"https:\/\/primas.bayern\/index.php\/wp-json\/wp\/v2\/pages\/15531\/revisions"}],"predecessor-version":[{"id":15755,"href":"https:\/\/primas.bayern\/index.php\/wp-json\/wp\/v2\/pages\/15531\/revisions\/15755"}],"wp:attachment":[{"href":"https:\/\/primas.bayern\/index.php\/wp-json\/wp\/v2\/media?parent=15531"}],"curies":[{"name":"wp","href":"https:\/\/api.w.org\/{rel}","templated":true}]}}